{"id":5571,"date":"2024-02-14T16:04:17","date_gmt":"2024-02-14T16:04:17","guid":{"rendered":"http:\/\/mijn-lo.nl\/?page_id=5571"},"modified":"2025-08-19T17:35:53","modified_gmt":"2025-08-19T17:35:53","slug":"finance","status":"publish","type":"page","link":"https:\/\/mijn-lo.nl\/tr\/education\/finance\/","title":{"rendered":"Finans"},"content":{"rendered":"<div data-elementor-type=\"wp-page\" data-elementor-id=\"5571\" class=\"elementor elementor-5571\" data-elementor-post-type=\"page\">\n\t\t\t\t\t\t<section class=\"elementor-section elementor-top-section elementor-element elementor-element-820a8ba elementor-section-boxed elementor-section-height-default elementor-section-height-default\" data-id=\"820a8ba\" data-element_type=\"section\" data-settings=\"{&quot;background_background&quot;:&quot;classic&quot;}\">\n\t\t\t\t\t\t<div class=\"elementor-container elementor-column-gap-default\">\n\t\t\t\t\t<div class=\"elementor-column elementor-col-100 elementor-top-column elementor-element elementor-element-4f68968\" data-id=\"4f68968\" data-element_type=\"column\">\n\t\t\t<div class=\"elementor-widget-wrap elementor-element-populated\">\n\t\t\t\t\t\t<div class=\"elementor-element elementor-element-cf64e00 elementor-widget elementor-widget-heading\" data-id=\"cf64e00\" data-element_type=\"widget\" data-widget_type=\"heading.default\">\n\t\t\t\t<div class=\"elementor-widget-container\">\n\t\t\t\t\t<h2 class=\"elementor-heading-title elementor-size-default\">Finans <\/h2>\t\t\t\t<\/div>\n\t\t\t\t<\/div>\n\t\t\t\t\t<\/div>\n\t\t<\/div>\n\t\t\t\t\t<\/div>\n\t\t<\/section>\n\t\t\t\t<section class=\"elementor-section elementor-top-section elementor-element elementor-element-21c66c4 elementor-section-boxed elementor-section-height-default elementor-section-height-default\" data-id=\"21c66c4\" data-element_type=\"section\">\n\t\t\t\t\t\t<div class=\"elementor-container elementor-column-gap-default\">\n\t\t\t\t\t<div class=\"elementor-column elementor-col-50 elementor-top-column elementor-element elementor-element-60e1a44\" data-id=\"60e1a44\" data-element_type=\"column\">\n\t\t\t<div class=\"elementor-widget-wrap elementor-element-populated\">\n\t\t\t\t\t\t<div class=\"elementor-element elementor-element-f6c5e96 elementor-widget elementor-widget-image\" data-id=\"f6c5e96\" data-element_type=\"widget\" data-widget_type=\"image.default\">\n\t\t\t\t<div class=\"elementor-widget-container\">\n\t\t\t\t\t\t\t\t\t\t\t\t\t\t\t<img fetchpriority=\"high\" decoding=\"async\" width=\"766\" height=\"667\" src=\"https:\/\/mijn-lo.nl\/wp-content\/uploads\/2024\/02\/money-766x667-1.webp\" class=\"attachment-large size-large wp-image-4513\" alt=\"\" srcset=\"https:\/\/mijn-lo.nl\/wp-content\/uploads\/2024\/02\/money-766x667-1.webp 766w, https:\/\/mijn-lo.nl\/wp-content\/uploads\/2024\/02\/money-766x667-1-300x261.webp 300w, https:\/\/mijn-lo.nl\/wp-content\/uploads\/2024\/02\/money-766x667-1-14x12.webp 14w, https:\/\/mijn-lo.nl\/wp-content\/uploads\/2024\/02\/money-766x667-1-24x21.webp 24w, https:\/\/mijn-lo.nl\/wp-content\/uploads\/2024\/02\/money-766x667-1-36x31.webp 36w, https:\/\/mijn-lo.nl\/wp-content\/uploads\/2024\/02\/money-766x667-1-48x42.webp 48w\" sizes=\"(max-width: 766px) 100vw, 766px\" \/>\t\t\t\t\t\t\t\t\t\t\t\t\t\t\t<\/div>\n\t\t\t\t<\/div>\n\t\t\t\t<div class=\"elementor-element elementor-element-04aff24 elementor-widget elementor-widget-text-editor\" data-id=\"04aff24\" data-element_type=\"widget\" data-widget_type=\"text-editor.default\">\n\t\t\t\t<div class=\"elementor-widget-container\">\n\t\t\t\t\t\t\t\t\t<p style=\"text-align: center;\">Para<\/p>\t\t\t\t\t\t\t\t<\/div>\n\t\t\t\t<\/div>\n\t\t\t\t\t<\/div>\n\t\t<\/div>\n\t\t\t\t<div class=\"elementor-column elementor-col-50 elementor-top-column elementor-element elementor-element-e531f2e\" data-id=\"e531f2e\" data-element_type=\"column\">\n\t\t\t<div class=\"elementor-widget-wrap elementor-element-populated\">\n\t\t\t\t\t\t<div class=\"elementor-element elementor-element-cb7b0bb elementor-widget elementor-widget-text-editor\" data-id=\"cb7b0bb\" data-element_type=\"widget\" data-widget_type=\"text-editor.default\">\n\t\t\t\t<div class=\"elementor-widget-container\">\n\t\t\t\t\t\t\t\t\t<h3 class=\"mbr-section-title mbr-fonts-style mb-3 display-5\"><strong>E\u011fitim ve maliyetler<\/strong><\/h3><p class=\"mbr-text mbr-fonts-style display-7\">Hollanda'da okul masraflar\u0131 okul t\u00fcr\u00fcne g\u00f6re de\u011fi\u015fmektedir.<br \/><br \/>\u0130lkokuldaki (anaokulu) k\u00fc\u00e7\u00fck \u00e7ocuklar i\u00e7in \u00fccretsizdir. Ancak, ebeveynlerin kalem ve kitap gibi baz\u0131 \u015feyler i\u00e7in \u00f6deme yapmas\u0131 gerekebilir.<br \/><br \/>Ortaokuldaki (voortgezet onderwijs) daha b\u00fcy\u00fck \u00e7ocuklar i\u00e7in de \u00fccretsizdir. Ancak, ebeveynler baz\u0131 okul e\u015fyalar\u0131n\u0131 sat\u0131n almak zorundad\u0131r.<br \/><br \/>Y\u00fcksek okul \u00f6\u011frencileri (hoger onderwijs) i\u00e7in para \u00f6demeleri gerekir. \u0130\u015fte \u00f6deyebilecekleri miktar:<br \/><br \/>\u00dcniversite: Hollandal\u0131 \u00f6\u011frenciler y\u0131lda yakla\u015f\u0131k birka\u00e7 bin avro \u00f6derler. Di\u011fer \u00fclkelerden gelen \u00f6\u011frenciler \u00e7ok daha fazla \u00f6d\u00fcyor.<br \/>Uygulamal\u0131 bilim okulu: Hollandal\u0131 \u00f6\u011frenciler y\u0131lda birka\u00e7 bin avro \u00f6d\u00fcyor. Di\u011fer \u00fclkelerden gelen \u00f6\u011frenciler \u00e7ok daha fazla \u00f6d\u00fcyor.<\/p>\t\t\t\t\t\t\t\t<\/div>\n\t\t\t\t<\/div>\n\t\t\t\t\t<\/div>\n\t\t<\/div>\n\t\t\t\t\t<\/div>\n\t\t<\/section>\n\t\t\t\t<section class=\"elementor-section elementor-top-section elementor-element elementor-element-11d6ec2 elementor-reverse-tablet elementor-reverse-mobile elementor-section-boxed elementor-section-height-default elementor-section-height-default\" data-id=\"11d6ec2\" data-element_type=\"section\">\n\t\t\t\t\t\t<div class=\"elementor-container elementor-column-gap-default\">\n\t\t\t\t\t<div class=\"elementor-column elementor-col-50 elementor-top-column elementor-element elementor-element-213854b\" data-id=\"213854b\" data-element_type=\"column\">\n\t\t\t<div class=\"elementor-widget-wrap elementor-element-populated\">\n\t\t\t\t\t\t<div class=\"elementor-element elementor-element-6d77de9 elementor-widget elementor-widget-text-editor\" data-id=\"6d77de9\" data-element_type=\"widget\" data-widget_type=\"text-editor.default\">\n\t\t\t\t<div class=\"elementor-widget-container\">\n\t\t\t\t\t\t\t\t\t<h3 class=\"mbr-section-title mbr-fonts-style mb-3 display-5\"><strong>\u0130lkokuldan sonra<\/strong><\/h3><p class=\"mbr-text mbr-fonts-style display-7\">Daha \u00f6nce verilen \u00f6rne\u011fe at\u0131fta bulunuyoruz. \u0130lk olarak 2 y\u0131ll\u0131k bir d\u00f6nem g\u00f6r\u00fcyoruz. Asl\u0131nda t\u00fcm \u00e7ocuklar bu s\u00fcre boyunca ayn\u0131 e\u011fitimi al\u0131rlar. Vwo, havo ya da vmbo i\u00e7in se\u00e7im yapmak zorundalar. Bu ortak d\u00f6nem siyasi gerek\u00e7elerle getirilmi\u015ftir ancak uygulamada \u00e7ocuklar zaten bir vmbo okuluna, bir havo okuluna ya da bir vwo okuluna gitmektedir. Bu nedenle uygulamada belirgin farkl\u0131l\u0131klarla kar\u015f\u0131la\u015f\u0131labilmektedir. VWO'nun 2 olas\u0131l\u0131\u011f\u0131 vard\u0131r: Atheneum ve Gymnasium. Gymnasium, Latince ve Yunanca dersleri ile \"en y\u00fcksek olas\u0131l\u0131k\" olarak kabul edilmektedir.\u00a0<\/p>\t\t\t\t\t\t\t\t<\/div>\n\t\t\t\t<\/div>\n\t\t\t\t\t<\/div>\n\t\t<\/div>\n\t\t\t\t<div class=\"elementor-column elementor-col-50 elementor-top-column elementor-element elementor-element-0a869f7\" data-id=\"0a869f7\" data-element_type=\"column\">\n\t\t\t<div class=\"elementor-widget-wrap elementor-element-populated\">\n\t\t\t\t\t\t<div class=\"elementor-element elementor-element-78fd82c elementor-widget elementor-widget-image\" data-id=\"78fd82c\" data-element_type=\"widget\" data-widget_type=\"image.default\">\n\t\t\t\t<div class=\"elementor-widget-container\">\n\t\t\t\t\t\t\t\t\t\t\t\t\t\t\t<img decoding=\"async\" width=\"872\" height=\"629\" src=\"https:\/\/mijn-lo.nl\/wp-content\/uploads\/2024\/02\/schoolsysteem2-872x629-1.webp\" class=\"attachment-large size-large wp-image-5562\" alt=\"\" srcset=\"https:\/\/mijn-lo.nl\/wp-content\/uploads\/2024\/02\/schoolsysteem2-872x629-1.webp 872w, https:\/\/mijn-lo.nl\/wp-content\/uploads\/2024\/02\/schoolsysteem2-872x629-1-300x216.webp 300w, https:\/\/mijn-lo.nl\/wp-content\/uploads\/2024\/02\/schoolsysteem2-872x629-1-768x554.webp 768w, https:\/\/mijn-lo.nl\/wp-content\/uploads\/2024\/02\/schoolsysteem2-872x629-1-18x12.webp 18w, https:\/\/mijn-lo.nl\/wp-content\/uploads\/2024\/02\/schoolsysteem2-872x629-1-24x17.webp 24w, https:\/\/mijn-lo.nl\/wp-content\/uploads\/2024\/02\/schoolsysteem2-872x629-1-36x26.webp 36w, https:\/\/mijn-lo.nl\/wp-content\/uploads\/2024\/02\/schoolsysteem2-872x629-1-48x35.webp 48w\" sizes=\"(max-width: 872px) 100vw, 872px\" \/>\t\t\t\t\t\t\t\t\t\t\t\t\t\t\t<\/div>\n\t\t\t\t<\/div>\n\t\t\t\t<div class=\"elementor-element elementor-element-07b498e elementor-widget elementor-widget-text-editor\" data-id=\"07b498e\" data-element_type=\"widget\" data-widget_type=\"text-editor.default\">\n\t\t\t\t<div class=\"elementor-widget-container\">\n\t\t\t\t\t\t\t\t\t<p style=\"text-align: center;\">Para<\/p>\t\t\t\t\t\t\t\t<\/div>\n\t\t\t\t<\/div>\n\t\t\t\t\t<\/div>\n\t\t<\/div>\n\t\t\t\t\t<\/div>\n\t\t<\/section>\n\t\t\t\t<section class=\"elementor-section elementor-top-section elementor-element elementor-element-311e16a elementor-section-boxed elementor-section-height-default elementor-section-height-default\" data-id=\"311e16a\" data-element_type=\"section\">\n\t\t\t\t\t\t<div class=\"elementor-container elementor-column-gap-default\">\n\t\t\t\t\t<div class=\"elementor-column elementor-col-50 elementor-top-column elementor-element elementor-element-b6b32b9\" data-id=\"b6b32b9\" data-element_type=\"column\">\n\t\t\t<div class=\"elementor-widget-wrap elementor-element-populated\">\n\t\t\t\t\t\t<div class=\"elementor-element elementor-element-600b574 elementor-widget elementor-widget-image\" data-id=\"600b574\" data-element_type=\"widget\" data-widget_type=\"image.default\">\n\t\t\t\t<div class=\"elementor-widget-container\">\n\t\t\t\t\t\t\t\t\t\t\t\t\t\t\t<img decoding=\"async\" width=\"332\" height=\"500\" src=\"https:\/\/mijn-lo.nl\/wp-content\/uploads\/2024\/02\/euro-help-332x500-1.webp\" class=\"attachment-large size-large wp-image-4514\" alt=\"\" srcset=\"https:\/\/mijn-lo.nl\/wp-content\/uploads\/2024\/02\/euro-help-332x500-1.webp 332w, https:\/\/mijn-lo.nl\/wp-content\/uploads\/2024\/02\/euro-help-332x500-1-199x300.webp 199w, https:\/\/mijn-lo.nl\/wp-content\/uploads\/2024\/02\/euro-help-332x500-1-8x12.webp 8w, https:\/\/mijn-lo.nl\/wp-content\/uploads\/2024\/02\/euro-help-332x500-1-16x24.webp 16w, https:\/\/mijn-lo.nl\/wp-content\/uploads\/2024\/02\/euro-help-332x500-1-24x36.webp 24w, https:\/\/mijn-lo.nl\/wp-content\/uploads\/2024\/02\/euro-help-332x500-1-32x48.webp 32w\" sizes=\"(max-width: 332px) 100vw, 332px\" \/>\t\t\t\t\t\t\t\t\t\t\t\t\t\t\t<\/div>\n\t\t\t\t<\/div>\n\t\t\t\t<div class=\"elementor-element elementor-element-cafad67 elementor-widget elementor-widget-text-editor\" data-id=\"cafad67\" data-element_type=\"widget\" data-widget_type=\"text-editor.default\">\n\t\t\t\t<div class=\"elementor-widget-container\">\n\t\t\t\t\t\t\t\t\t<p style=\"text-align: center;\">Mali yard\u0131m<\/p>\t\t\t\t\t\t\t\t<\/div>\n\t\t\t\t<\/div>\n\t\t\t\t\t<\/div>\n\t\t<\/div>\n\t\t\t\t<div class=\"elementor-column elementor-col-50 elementor-top-column elementor-element elementor-element-092da81\" data-id=\"092da81\" data-element_type=\"column\">\n\t\t\t<div class=\"elementor-widget-wrap elementor-element-populated\">\n\t\t\t\t\t\t<div class=\"elementor-element elementor-element-7789889 elementor-widget elementor-widget-text-editor\" data-id=\"7789889\" data-element_type=\"widget\" data-widget_type=\"text-editor.default\">\n\t\t\t\t<div class=\"elementor-widget-container\">\n\t\t\t\t\t\t\t\t\t<h3 class=\"mbr-section-title mbr-fonts-style mb-3 display-5\"><strong>Finansal yard\u0131m<\/strong><\/h3><p class=\"mbr-text mbr-fonts-style display-7\">Hollanda h\u00fck\u00fcmeti, d\u00fc\u015f\u00fck gelirli ebeveynlere \u00e7ocuklar\u0131n\u0131n e\u011fitim masraflar\u0131nda yard\u0131mc\u0131 olmak i\u00e7in bir dizi mali yard\u0131m program\u0131 sunmaktad\u0131r. Bu programlar \u015funlar\u0131 i\u00e7erir:<br \/><br \/><strong>\"Kindgebonden b\u00fct\u00e7esi\"\u00a0<\/strong>(\u00e7ocuk paras\u0131): Bu, 18 ya\u015f\u0131n alt\u0131ndaki \u00e7ocuklar\u0131n ebeveynlerine \u00f6denen ayl\u0131k bir \u00f6denektir. Yard\u0131m\u0131n miktar\u0131 ailenin gelirine ve sahip olduklar\u0131 \u00e7ocuk say\u0131s\u0131na ba\u011fl\u0131d\u0131r.<br \/><strong>\"Studietoeslag\"\u00a0<\/strong>(\u00f6\u011frenci hibesi): Bu, orta mesleki e\u011fitime (MBO veya VMBO) veya y\u00fcksek \u00f6\u011frenime (HBO veya WO) devam eden \u00f6\u011frencilere verilen bir hibedir. Hibenin miktar\u0131 \u00f6\u011frencinin gelirine, ebeveynlerinin gelirine ve devam ettikleri e\u011fitim t\u00fcr\u00fcne ba\u011fl\u0131d\u0131r.<br \/><strong>\"MBO-studentenfonds\"<\/strong>(MBO \u00f6\u011frenci fonu): Bu fon, orta mesleki e\u011fitime (MBO) devam eden \u00f6\u011frencilere kredi ve hibe sa\u011flamaktad\u0131r. Krediler \u00f6\u011frenim s\u00fcresi boyunca faizsizdir ve geri \u00f6deme s\u00fcresi mezuniyetten sonra on y\u0131ld\u0131r.<br \/><strong>\"Tegemoetkoming onderwijskosten\"<\/strong>\u00a0(e\u011fitim masraflar\u0131 \u00f6dene\u011fi): Bu \u00f6denek, orta mesleki e\u011fitime (MBO veya VMBO) veya y\u00fcksek \u00f6\u011frenime (HBO veya WO) devam eden ve d\u00fc\u015f\u00fck gelirli \u00f6\u011frenciler i\u00e7in ge\u00e7erlidir. \u00d6denek, \u00f6\u011frencilerin okul harc\u0131, kitap ve di\u011fer e\u011fitim masraflar\u0131n\u0131 kar\u015f\u0131lamalar\u0131na yard\u0131mc\u0131 olmay\u0131 ama\u00e7lamaktad\u0131r.<br \/><br \/>Bu programlara ek olarak, Hollanda h\u00fck\u00fcmeti d\u00fc\u015f\u00fck gelirli ailelere \u00e7ocuk yeti\u015ftirme masraflar\u0131nda yard\u0131mc\u0131 olabilecek bir dizi ba\u015fka yard\u0131m ve \u00f6denek de sunmaktad\u0131r:<br \/><br \/><strong>\"Zorgtoeslag\"<\/strong>\u00a0(sa\u011fl\u0131k \u00f6dene\u011fi): Bu \u00f6denek, ki\u015filerin Hollanda sa\u011fl\u0131k sigortas\u0131 masraflar\u0131n\u0131 kar\u015f\u0131lamalar\u0131na yard\u0131mc\u0131 olur.<br \/><strong>\"Huurtoeslag\"<\/strong>\u00a0(kira yard\u0131m\u0131): Bu \u00f6denek, ki\u015filerin kira masraflar\u0131n\u0131 kar\u015f\u0131lamalar\u0131na yard\u0131mc\u0131 olur.<br \/><strong>\"Kinderbijslag\"<\/strong>\u00a0(\u00e7ocuk paras\u0131): Bu \u00f6denek 18 ya\u015f\u0131n alt\u0131ndaki \u00e7ocuklar\u0131n ebeveynlerine \u00f6denir. \u00d6denek miktar\u0131, gelirden ba\u011f\u0131ms\u0131z olarak t\u00fcm aileler i\u00e7in ayn\u0131d\u0131r.<br \/><br \/>Bu programlardan herhangi birine ba\u015fvurmak i\u00e7in veliler veya \u00f6\u011frenciler Hollanda Vergi ve G\u00fcmr\u00fck \u0130daresi (<strong>\"Belastingdienst\"<\/strong>). Daha fazla bilgi i\u00e7in l\u00fctfen Belastingdienst web sitesini ziyaret edin veya 0800-0543 numaral\u0131 telefondan Belastingdienst m\u00fc\u015fteri hizmetleri hatt\u0131n\u0131 aray\u0131n.<\/p>\t\t\t\t\t\t\t\t<\/div>\n\t\t\t\t<\/div>\n\t\t\t\t\t<\/div>\n\t\t<\/div>\n\t\t\t\t\t<\/div>\n\t\t<\/section>\n\t\t\t\t<section class=\"elementor-section elementor-top-section elementor-element elementor-element-2edcca1 elementor-section-boxed elementor-section-height-default elementor-section-height-default\" data-id=\"2edcca1\" data-element_type=\"section\">\n\t\t\t\t\t\t<div class=\"elementor-container elementor-column-gap-default\">\n\t\t\t\t\t<div class=\"elementor-column elementor-col-100 elementor-top-column elementor-element elementor-element-75349f87\" data-id=\"75349f87\" data-element_type=\"column\">\n\t\t\t<div class=\"elementor-widget-wrap elementor-element-populated\">\n\t\t\t\t\t\t<div class=\"elementor-element elementor-element-2d2d0e50 elementor-align-center elementor-widget elementor-widget-button\" data-id=\"2d2d0e50\" data-element_type=\"widget\" data-widget_type=\"button.default\">\n\t\t\t\t<div class=\"elementor-widget-container\">\n\t\t\t\t\t\t\t\t\t<div class=\"elementor-button-wrapper\">\n\t\t\t\t\t<a class=\"elementor-button elementor-button-link elementor-size-sm\" href=\"https:\/\/mijn-lo.nl\/tr\/education\/raising-kids\/\">\n\t\t\t\t\t\t<span class=\"elementor-button-content-wrapper\">\n\t\t\t\t\t\t\t\t\t<span class=\"elementor-button-text\">devam etmek<\/span>\n\t\t\t\t\t<\/span>\n\t\t\t\t\t<\/a>\n\t\t\t\t<\/div>\n\t\t\t\t\t\t\t\t<\/div>\n\t\t\t\t<\/div>\n\t\t\t\t\t<\/div>\n\t\t<\/div>\n\t\t\t\t\t<\/div>\n\t\t<\/section>\n\t\t\t\t<\/div>","protected":false},"excerpt":{"rendered":"<p>Finance Money Education and costs In the Netherlands, school costs change based on the school type. For little kids in primary school (basisschool), it&#8217;s free. But, parents might need to pay for some things like pencils and books. For bigger kids in secondary school (voortgezet onderwijs), it&#8217;s also free. But, parents have to buy some [&hellip;]<\/p>\n","protected":false},"author":1,"featured_media":0,"parent":3363,"menu_order":3,"comment_status":"closed","ping_status":"closed","template":"elementor_canvas","meta":{"site-sidebar-layout":"no-sidebar","site-content-layout":"page-builder","ast-site-content-layout":"full-width-container","site-content-style":"default","site-sidebar-style":"default","ast-global-header-display":"","ast-banner-title-visibility":"","ast-main-header-display":"","ast-hfb-above-header-display":"","ast-hfb-below-header-display":"","ast-hfb-mobile-header-display":"","site-post-title":"disabled","ast-breadcrumbs-content":"","ast-featured-img":"disabled","footer-sml-layout":"","theme-transparent-header-meta":"","adv-header-id-meta":"","stick-header-meta":"","header-above-stick-meta":"","header-main-stick-meta":"","header-below-stick-meta":"","astra-migrate-meta-layouts":"set","ast-page-background-enabled":"default","ast-page-background-meta":{"desktop":{"background-color":"var(--ast-global-color-4)","background-image":"","background-repeat":"repeat","background-position":"center center","background-size":"auto","background-attachment":"scroll","background-type":"","background-media":"","overlay-type":"","overlay-color":"","overlay-opacity":"","overlay-gradient":""},"tablet":{"background-color":"","background-image":"","background-repeat":"repeat","background-position":"center center","background-size":"auto","background-attachment":"scroll","background-type":"","background-media":"","overlay-type":"","overlay-color":"","overlay-opacity":"","overlay-gradient":""},"mobile":{"background-color":"","background-image":"","background-repeat":"repeat","background-position":"center center","background-size":"auto","background-attachment":"scroll","background-type":"","background-media":"","overlay-type":"","overlay-color":"","overlay-opacity":"","overlay-gradient":""}},"ast-content-background-meta":{"desktop":{"background-color":"var(--ast-global-color-5)","background-image":"","background-repeat":"repeat","background-position":"center center","background-size":"auto","background-attachment":"scroll","background-type":"","background-media":"","overlay-type":"","overlay-color":"","overlay-opacity":"","overlay-gradient":""},"tablet":{"background-color":"var(--ast-global-color-5)","background-image":"","background-repeat":"repeat","background-position":"center center","background-size":"auto","background-attachment":"scroll","background-type":"","background-media":"","overlay-type":"","overlay-color":"","overlay-opacity":"","overlay-gradient":""},"mobile":{"background-color":"var(--ast-global-color-5)","background-image":"","background-repeat":"repeat","background-position":"center center","background-size":"auto","background-attachment":"scroll","background-type":"","background-media":"","overlay-type":"","overlay-color":"","overlay-opacity":"","overlay-gradient":""}},"footnotes":""},"class_list":["post-5571","page","type-page","status-publish","hentry"],"_links":{"self":[{"href":"https:\/\/mijn-lo.nl\/tr\/wp-json\/wp\/v2\/pages\/5571","targetHints":{"allow":["GET"]}}],"collection":[{"href":"https:\/\/mijn-lo.nl\/tr\/wp-json\/wp\/v2\/pages"}],"about":[{"href":"https:\/\/mijn-lo.nl\/tr\/wp-json\/wp\/v2\/types\/page"}],"author":[{"embeddable":true,"href":"https:\/\/mijn-lo.nl\/tr\/wp-json\/wp\/v2\/users\/1"}],"replies":[{"embeddable":true,"href":"https:\/\/mijn-lo.nl\/tr\/wp-json\/wp\/v2\/comments?post=5571"}],"version-history":[{"count":7,"href":"https:\/\/mijn-lo.nl\/tr\/wp-json\/wp\/v2\/pages\/5571\/revisions"}],"predecessor-version":[{"id":6298,"href":"https:\/\/mijn-lo.nl\/tr\/wp-json\/wp\/v2\/pages\/5571\/revisions\/6298"}],"up":[{"embeddable":true,"href":"https:\/\/mijn-lo.nl\/tr\/wp-json\/wp\/v2\/pages\/3363"}],"wp:attachment":[{"href":"https:\/\/mijn-lo.nl\/tr\/wp-json\/wp\/v2\/media?parent=5571"}],"curies":[{"name":"wp","href":"https:\/\/api.w.org\/{rel}","templated":true}]}}