{"id":5573,"date":"2024-02-14T16:04:36","date_gmt":"2024-02-14T16:04:36","guid":{"rendered":"http:\/\/mijn-lo.nl\/?page_id=5573"},"modified":"2025-08-19T17:36:17","modified_gmt":"2025-08-19T17:36:17","slug":"raising-kids","status":"publish","type":"page","link":"https:\/\/mijn-lo.nl\/tr\/education\/raising-kids\/","title":{"rendered":"\u00c7ocuk yeti\u015ftirme"},"content":{"rendered":"<div data-elementor-type=\"wp-page\" data-elementor-id=\"5573\" class=\"elementor elementor-5573\" data-elementor-post-type=\"page\">\n\t\t\t\t\t\t<section class=\"elementor-section elementor-top-section elementor-element elementor-element-6810fd3 elementor-section-boxed elementor-section-height-default elementor-section-height-default\" data-id=\"6810fd3\" data-element_type=\"section\" data-settings=\"{&quot;background_background&quot;:&quot;classic&quot;}\">\n\t\t\t\t\t\t<div class=\"elementor-container elementor-column-gap-default\">\n\t\t\t\t\t<div class=\"elementor-column elementor-col-100 elementor-top-column elementor-element elementor-element-665021e\" data-id=\"665021e\" data-element_type=\"column\">\n\t\t\t<div class=\"elementor-widget-wrap elementor-element-populated\">\n\t\t\t\t\t\t<div class=\"elementor-element elementor-element-dc5257a elementor-widget elementor-widget-heading\" data-id=\"dc5257a\" data-element_type=\"widget\" data-widget_type=\"heading.default\">\n\t\t\t\t<div class=\"elementor-widget-container\">\n\t\t\t\t\t<h2 class=\"elementor-heading-title elementor-size-default\">\u00c7ocuk yeti\u015ftirme <\/h2>\t\t\t\t<\/div>\n\t\t\t\t<\/div>\n\t\t\t\t\t<\/div>\n\t\t<\/div>\n\t\t\t\t\t<\/div>\n\t\t<\/section>\n\t\t\t\t<section class=\"elementor-section elementor-top-section elementor-element elementor-element-f88c832 elementor-reverse-tablet elementor-reverse-mobile elementor-section-boxed elementor-section-height-default elementor-section-height-default\" data-id=\"f88c832\" data-element_type=\"section\">\n\t\t\t\t\t\t<div class=\"elementor-container elementor-column-gap-default\">\n\t\t\t\t\t<div class=\"elementor-column elementor-col-50 elementor-top-column elementor-element elementor-element-748187a\" data-id=\"748187a\" data-element_type=\"column\">\n\t\t\t<div class=\"elementor-widget-wrap elementor-element-populated\">\n\t\t\t\t\t\t<div class=\"elementor-element elementor-element-9ea2d13 elementor-widget elementor-widget-text-editor\" data-id=\"9ea2d13\" data-element_type=\"widget\" data-widget_type=\"text-editor.default\">\n\t\t\t\t<div class=\"elementor-widget-container\">\n\t\t\t\t\t\t\t\t\t<h3 class=\"mbr-section-title mbr-fonts-style mb-3 display-5\"><strong>\u00c7ocuk yeti\u015ftirme hakk\u0131nda<\/strong><\/h3><p class=\"mbr-text mbr-fonts-style display-7\">Hollanda'da \u00e7ocuk yeti\u015ftirmek \u00f6nemli bir konu<br \/><br \/><strong>\u00c7ocuklar mutlu bir \u00e7ocukluk ge\u00e7irmeli ve kendilerini g\u00fcvende hissetmelidir.\u00a0<\/strong>Hollanda, iyi okullar\u0131, g\u00fc\u00e7l\u00fc aile ba\u011flar\u0131 ve devlet deste\u011fi nedeniyle \u00e7ocuklar\u0131n mutlulu\u011fuyla ilgili listelerde genellikle \u00fcst s\u0131ralarda yer al\u0131r. Ancak her \u00fclkede oldu\u011fu gibi sorunlar ortaya \u00e7\u0131kabilir.<br \/><br \/><strong>Ebeveynler genellikle iyi bir i\u015f-ya\u015fam dengesi ararlar.<\/strong>\u00a0Hollanda'daki \u015firketler esnek \u00e7al\u0131\u015fma saatleri ve uzun ebeveyn izinleri sunmaktad\u0131r.<br \/>\u00dclke genel olarak g\u00fcvenlidir ve sa\u011fl\u0131k hizmetleri m\u00fckemmeldir. Su\u00e7 oran\u0131 nispeten d\u00fc\u015f\u00fckt\u00fcr. Ancak her zaman oldu\u011fu gibi uyu\u015fturucu, kumar ve ak\u0131ll\u0131 telefonlara bakma ba\u011f\u0131ml\u0131l\u0131\u011f\u0131 sorunlar\u0131 gibi zorluklar var.<br \/><br \/><strong>Ba\u011f\u0131ms\u0131zl\u0131\u011f\u0131 te\u015fvik edin.<\/strong>\u00a0Hollandal\u0131 \u00e7ocuklara genellikle kendi ba\u015flar\u0131na d\u00fc\u015f\u00fcnmeleri ve hareket etmeleri \u00f6\u011fretilir. Se\u00e7im yapmalar\u0131na izin vermek \u00e7ok \u00f6nemlidir.<br \/><br \/><strong>Sosyalle\u015fmelerine yard\u0131mc\u0131 olun.<\/strong>\u00a0Oyun bulu\u015fmalar\u0131, spor ve kul\u00fcpler yayg\u0131nd\u0131r ve \u00e7ocuklar\u0131n arkada\u015f edinmesine yard\u0131mc\u0131 olur.<br \/><br \/><strong>Onlar\u0131 farkl\u0131 k\u00fclt\u00fcrlerle tan\u0131\u015ft\u0131r\u0131n.\u00a0<\/strong>Farkl\u0131 bir n\u00fcfusa sahip olan \u00e7ocuklar, \u00e7e\u015fitli gelenekler ve diller hakk\u0131nda bilgi edinebilmektedir. Kapsay\u0131c\u0131l\u0131\u011fa b\u00fcy\u00fck \u00f6nem verilmektedir.<\/p>\t\t\t\t\t\t\t\t<\/div>\n\t\t\t\t<\/div>\n\t\t\t\t\t<\/div>\n\t\t<\/div>\n\t\t\t\t<div class=\"elementor-column elementor-col-50 elementor-top-column elementor-element elementor-element-6d6c662\" data-id=\"6d6c662\" data-element_type=\"column\">\n\t\t\t<div class=\"elementor-widget-wrap elementor-element-populated\">\n\t\t\t\t\t\t<div class=\"elementor-element elementor-element-d39c8c8 elementor-widget elementor-widget-image\" data-id=\"d39c8c8\" data-element_type=\"widget\" data-widget_type=\"image.default\">\n\t\t\t\t<div class=\"elementor-widget-container\">\n\t\t\t\t\t\t\t\t\t\t\t\t\t\t\t<img fetchpriority=\"high\" decoding=\"async\" width=\"711\" height=\"988\" src=\"https:\/\/mijn-lo.nl\/wp-content\/uploads\/2024\/02\/rasingg-kids2-711x988-1.webp\" class=\"attachment-large size-large wp-image-4518\" alt=\"\" srcset=\"https:\/\/mijn-lo.nl\/wp-content\/uploads\/2024\/02\/rasingg-kids2-711x988-1.webp 711w, https:\/\/mijn-lo.nl\/wp-content\/uploads\/2024\/02\/rasingg-kids2-711x988-1-216x300.webp 216w, https:\/\/mijn-lo.nl\/wp-content\/uploads\/2024\/02\/rasingg-kids2-711x988-1-9x12.webp 9w, https:\/\/mijn-lo.nl\/wp-content\/uploads\/2024\/02\/rasingg-kids2-711x988-1-17x24.webp 17w, https:\/\/mijn-lo.nl\/wp-content\/uploads\/2024\/02\/rasingg-kids2-711x988-1-26x36.webp 26w, https:\/\/mijn-lo.nl\/wp-content\/uploads\/2024\/02\/rasingg-kids2-711x988-1-35x48.webp 35w\" sizes=\"(max-width: 711px) 100vw, 711px\" \/>\t\t\t\t\t\t\t\t\t\t\t\t\t\t\t<\/div>\n\t\t\t\t<\/div>\n\t\t\t\t<div class=\"elementor-element elementor-element-76799f9 elementor-widget elementor-widget-text-editor\" data-id=\"76799f9\" data-element_type=\"widget\" data-widget_type=\"text-editor.default\">\n\t\t\t\t<div class=\"elementor-widget-container\">\n\t\t\t\t\t\t\t\t\t<p style=\"text-align: center;\">Anne ve k\u0131z\u0131<\/p>\t\t\t\t\t\t\t\t<\/div>\n\t\t\t\t<\/div>\n\t\t\t\t\t<\/div>\n\t\t<\/div>\n\t\t\t\t\t<\/div>\n\t\t<\/section>\n\t\t\t\t<section class=\"elementor-section elementor-top-section elementor-element elementor-element-c2af9c8 elementor-section-boxed elementor-section-height-default elementor-section-height-default\" data-id=\"c2af9c8\" data-element_type=\"section\">\n\t\t\t\t\t\t<div class=\"elementor-container elementor-column-gap-default\">\n\t\t\t\t\t<div class=\"elementor-column elementor-col-50 elementor-top-column elementor-element elementor-element-820f2a6\" data-id=\"820f2a6\" data-element_type=\"column\">\n\t\t\t<div class=\"elementor-widget-wrap elementor-element-populated\">\n\t\t\t\t\t\t<div class=\"elementor-element elementor-element-2e25e9d elementor-widget elementor-widget-image\" data-id=\"2e25e9d\" data-element_type=\"widget\" data-widget_type=\"image.default\">\n\t\t\t\t<div class=\"elementor-widget-container\">\n\t\t\t\t\t\t\t\t\t\t\t\t\t\t\t<img decoding=\"async\" width=\"700\" height=\"486\" src=\"https:\/\/mijn-lo.nl\/wp-content\/uploads\/2024\/02\/jeugdzorg2-700x486-1.webp\" class=\"attachment-large size-large wp-image-5563\" alt=\"\" srcset=\"https:\/\/mijn-lo.nl\/wp-content\/uploads\/2024\/02\/jeugdzorg2-700x486-1.webp 700w, https:\/\/mijn-lo.nl\/wp-content\/uploads\/2024\/02\/jeugdzorg2-700x486-1-300x208.webp 300w, https:\/\/mijn-lo.nl\/wp-content\/uploads\/2024\/02\/jeugdzorg2-700x486-1-18x12.webp 18w, https:\/\/mijn-lo.nl\/wp-content\/uploads\/2024\/02\/jeugdzorg2-700x486-1-24x17.webp 24w, https:\/\/mijn-lo.nl\/wp-content\/uploads\/2024\/02\/jeugdzorg2-700x486-1-36x25.webp 36w, https:\/\/mijn-lo.nl\/wp-content\/uploads\/2024\/02\/jeugdzorg2-700x486-1-48x33.webp 48w\" sizes=\"(max-width: 700px) 100vw, 700px\" \/>\t\t\t\t\t\t\t\t\t\t\t\t\t\t\t<\/div>\n\t\t\t\t<\/div>\n\t\t\t\t<div class=\"elementor-element elementor-element-5552dff elementor-widget elementor-widget-text-editor\" data-id=\"5552dff\" data-element_type=\"widget\" data-widget_type=\"text-editor.default\">\n\t\t\t\t<div class=\"elementor-widget-container\">\n\t\t\t\t\t\t\t\t\t<p style=\"text-align: center;\">Sorun \u00e7\u0131kmas\u0131 durumunda...<\/p>\t\t\t\t\t\t\t\t<\/div>\n\t\t\t\t<\/div>\n\t\t\t\t\t<\/div>\n\t\t<\/div>\n\t\t\t\t<div class=\"elementor-column elementor-col-50 elementor-top-column elementor-element elementor-element-f618cf2\" data-id=\"f618cf2\" data-element_type=\"column\">\n\t\t\t<div class=\"elementor-widget-wrap elementor-element-populated\">\n\t\t\t\t\t\t<div class=\"elementor-element elementor-element-46998ae elementor-widget elementor-widget-text-editor\" data-id=\"46998ae\" data-element_type=\"widget\" data-widget_type=\"text-editor.default\">\n\t\t\t\t<div class=\"elementor-widget-container\">\n\t\t\t\t\t\t\t\t\t<h3 class=\"mbr-section-title mbr-fonts-style mb-3 display-5\"><strong>Sorun \u00e7\u0131kmas\u0131 durumunda: \"jeugdzorg\"<\/strong><\/h3><p class=\"mbr-text mbr-fonts-style display-7\">Sorun ya\u015fanmas\u0131 halinde \"jeugdzorg\" ad\u0131 verilen \u00f6zel bir gen\u00e7lik bak\u0131m servisi bulunmaktad\u0131r.<\/p><p><audio class=\"wp-audio-shortcode\" id=\"audio-5573-1\" preload=\"none\" style=\"width: 100%;\" controls=\"controls\"><source type=\"audio\/wav\" src=\"https:\/\/mijn-lo.nl\/wp-content\/uploads\/2024\/02\/jeugdzorg.wav?_=1\" \/><a href=\"https:\/\/mijn-lo.nl\/wp-content\/uploads\/2024\/02\/jeugdzorg.wav\">https:\/\/mijn-lo.nl\/wp-content\/uploads\/2024\/02\/jeugdzorg.wav<\/a><\/audio><\/p><p><br \/>Bu hizmet ebeveynler\/\u00e7ocuklar i\u00e7indir ve 3 ana ba\u015fl\u0131\u011f\u0131 vard\u0131r:<\/p><p><strong>\"Jeugdhulp\" (yard\u0131m)<\/strong>: Duygusal, davran\u0131\u015fsal veya geli\u015fimsel zorluklar ya\u015fayan \u00e7ocuklara destek sunar. Bu terapi, aile dan\u0131\u015fmanl\u0131\u011f\u0131 veya \u00f6zel e\u011fitimi i\u00e7erebilir.<\/p><p>\u201c<strong>Jeugdbescherming\" (koruma)\u00a0<\/strong>:\u00c7ocuklar ihmal, istismar veya s\u00f6m\u00fcr\u00fc riski alt\u0131nda oldu\u011funda m\u00fcdahale eder. Bu, onlar\u0131 koruyucu bak\u0131ma yerle\u015ftirmeyi, yo\u011fun aile deste\u011fi sa\u011flamay\u0131 veya yasal m\u00fcdahaleleri i\u00e7erebilir.<\/p><p><strong>Jeugdreclassering:<\/strong>\u00a0<strong>(su\u00e7 yolunu terk edin ve do\u011fru yolu bulun):<\/strong>\u00a0Su\u00e7 davran\u0131\u015flar\u0131n\u0131 ele almak ve topluma yeniden entegre olmalar\u0131na yard\u0131mc\u0131 olmak i\u00e7in gen\u00e7 su\u00e7lularla \u00e7al\u0131\u015f\u0131r. Bu, g\u00f6zetim, dan\u0131\u015fmanl\u0131k ve toplum hizmetini i\u00e7erir.<\/p><p>\u0130nsanlar genellikle doktorlar\u0131na bu bak\u0131ma nas\u0131l ula\u015facaklar\u0131n\u0131 sorabilirler.<\/p>\t\t\t\t\t\t\t\t<\/div>\n\t\t\t\t<\/div>\n\t\t\t\t\t<\/div>\n\t\t<\/div>\n\t\t\t\t\t<\/div>\n\t\t<\/section>\n\t\t\t\t<section class=\"elementor-section elementor-top-section elementor-element elementor-element-2edcca1 elementor-section-boxed elementor-section-height-default elementor-section-height-default\" data-id=\"2edcca1\" data-element_type=\"section\">\n\t\t\t\t\t\t<div class=\"elementor-container elementor-column-gap-default\">\n\t\t\t\t\t<div class=\"elementor-column elementor-col-100 elementor-top-column elementor-element elementor-element-75349f87\" data-id=\"75349f87\" data-element_type=\"column\">\n\t\t\t<div class=\"elementor-widget-wrap elementor-element-populated\">\n\t\t\t\t\t\t<div class=\"elementor-element elementor-element-2d2d0e50 elementor-align-center elementor-widget elementor-widget-button\" data-id=\"2d2d0e50\" data-element_type=\"widget\" data-widget_type=\"button.default\">\n\t\t\t\t<div class=\"elementor-widget-container\">\n\t\t\t\t\t\t\t\t\t<div class=\"elementor-button-wrapper\">\n\t\t\t\t\t<a class=\"elementor-button elementor-button-link elementor-size-sm\" href=\"https:\/\/mijn-lo.nl\/tr\/education\/test-6\/\">\n\t\t\t\t\t\t<span class=\"elementor-button-content-wrapper\">\n\t\t\t\t\t\t\t\t\t<span class=\"elementor-button-text\">devam etmek<\/span>\n\t\t\t\t\t<\/span>\n\t\t\t\t\t<\/a>\n\t\t\t\t<\/div>\n\t\t\t\t\t\t\t\t<\/div>\n\t\t\t\t<\/div>\n\t\t\t\t\t<\/div>\n\t\t<\/div>\n\t\t\t\t\t<\/div>\n\t\t<\/section>\n\t\t\t\t<\/div>","protected":false},"excerpt":{"rendered":"<p>Raising kids About raising kids Raising kids in the Netherlands is an important issue Kids have to have a happy childhood and have to feel safe.\u00a0The Netherlands often tops lists about children&#8217;s happiness due to good schools, strong family ties, and government support. But as in any countries problems may arise. Parents usualy look for [&hellip;]<\/p>\n","protected":false},"author":1,"featured_media":0,"parent":3363,"menu_order":4,"comment_status":"closed","ping_status":"closed","template":"elementor_canvas","meta":{"site-sidebar-layout":"no-sidebar","site-content-layout":"page-builder","ast-site-content-layout":"full-width-container","site-content-style":"default","site-sidebar-style":"default","ast-global-header-display":"","ast-banner-title-visibility":"","ast-main-header-display":"","ast-hfb-above-header-display":"","ast-hfb-below-header-display":"","ast-hfb-mobile-header-display":"","site-post-title":"disabled","ast-breadcrumbs-content":"","ast-featured-img":"disabled","footer-sml-layout":"","theme-transparent-header-meta":"","adv-header-id-meta":"","stick-header-meta":"","header-above-stick-meta":"","header-main-stick-meta":"","header-below-stick-meta":"","astra-migrate-meta-layouts":"set","ast-page-background-enabled":"default","ast-page-background-meta":{"desktop":{"background-color":"var(--ast-global-color-4)","background-image":"","background-repeat":"repeat","background-position":"center center","background-size":"auto","background-attachment":"scroll","background-type":"","background-media":"","overlay-type":"","overlay-color":"","overlay-opacity":"","overlay-gradient":""},"tablet":{"background-color":"","background-image":"","background-repeat":"repeat","background-position":"center center","background-size":"auto","background-attachment":"scroll","background-type":"","background-media":"","overlay-type":"","overlay-color":"","overlay-opacity":"","overlay-gradient":""},"mobile":{"background-color":"","background-image":"","background-repeat":"repeat","background-position":"center center","background-size":"auto","background-attachment":"scroll","background-type":"","background-media":"","overlay-type":"","overlay-color":"","overlay-opacity":"","overlay-gradient":""}},"ast-content-background-meta":{"desktop":{"background-color":"var(--ast-global-color-5)","background-image":"","background-repeat":"repeat","background-position":"center center","background-size":"auto","background-attachment":"scroll","background-type":"","background-media":"","overlay-type":"","overlay-color":"","overlay-opacity":"","overlay-gradient":""},"tablet":{"background-color":"var(--ast-global-color-5)","background-image":"","background-repeat":"repeat","background-position":"center center","background-size":"auto","background-attachment":"scroll","background-type":"","background-media":"","overlay-type":"","overlay-color":"","overlay-opacity":"","overlay-gradient":""},"mobile":{"background-color":"var(--ast-global-color-5)","background-image":"","background-repeat":"repeat","background-position":"center center","background-size":"auto","background-attachment":"scroll","background-type":"","background-media":"","overlay-type":"","overlay-color":"","overlay-opacity":"","overlay-gradient":""}},"footnotes":""},"class_list":["post-5573","page","type-page","status-publish","hentry"],"_links":{"self":[{"href":"https:\/\/mijn-lo.nl\/tr\/wp-json\/wp\/v2\/pages\/5573","targetHints":{"allow":["GET"]}}],"collection":[{"href":"https:\/\/mijn-lo.nl\/tr\/wp-json\/wp\/v2\/pages"}],"about":[{"href":"https:\/\/mijn-lo.nl\/tr\/wp-json\/wp\/v2\/types\/page"}],"author":[{"embeddable":true,"href":"https:\/\/mijn-lo.nl\/tr\/wp-json\/wp\/v2\/users\/1"}],"replies":[{"embeddable":true,"href":"https:\/\/mijn-lo.nl\/tr\/wp-json\/wp\/v2\/comments?post=5573"}],"version-history":[{"count":13,"href":"https:\/\/mijn-lo.nl\/tr\/wp-json\/wp\/v2\/pages\/5573\/revisions"}],"predecessor-version":[{"id":6301,"href":"https:\/\/mijn-lo.nl\/tr\/wp-json\/wp\/v2\/pages\/5573\/revisions\/6301"}],"up":[{"embeddable":true,"href":"https:\/\/mijn-lo.nl\/tr\/wp-json\/wp\/v2\/pages\/3363"}],"wp:attachment":[{"href":"https:\/\/mijn-lo.nl\/tr\/wp-json\/wp\/v2\/media?parent=5573"}],"curies":[{"name":"wp","href":"https:\/\/api.w.org\/{rel}","templated":true}]}}